{"id":122,"date":"2017-07-25T20:24:40","date_gmt":"2017-07-25T20:24:40","guid":{"rendered":"http:\/\/alexandrabosbeer.com\/foto\/?page_id=122"},"modified":"2022-03-08T14:29:09","modified_gmt":"2022-03-08T14:29:09","slug":"workshops","status":"publish","type":"page","link":"http:\/\/alexandrabosbeer.com\/foto\/workshops\/","title":{"rendered":"Workshops: Fotografie lernen"},"content":{"rendered":"<p><img loading=\"lazy\" decoding=\"async\" class=\"alignright size-medium wp-image-127\" src=\"http:\/\/alexandrabosbeer.com\/foto\/wp-content\/uploads\/2017\/07\/Abportraeteworkshop-300x165.jpg\" alt=\"\" width=\"300\" height=\"165\" srcset=\"http:\/\/alexandrabosbeer.com\/foto\/wp-content\/uploads\/2017\/07\/Abportraeteworkshop-300x165.jpg 300w, http:\/\/alexandrabosbeer.com\/foto\/wp-content\/uploads\/2017\/07\/Abportraeteworkshop-768x422.jpg 768w, http:\/\/alexandrabosbeer.com\/foto\/wp-content\/uploads\/2017\/07\/Abportraeteworkshop-508x279.jpg 508w, http:\/\/alexandrabosbeer.com\/foto\/wp-content\/uploads\/2017\/07\/Abportraeteworkshop.jpg 800w\" sizes=\"auto, (max-width: 300px) 100vw, 300px\" \/><\/p>\n<p><span lang=\"DE\">Viele Menschen fotografieren gerne \u2013 mit der Kamera oder dem eigenen Handy. M\u00f6chten Sie mehr \u00fcber das Fotografieren wissen? Dann nehmen Sie Teil in einem Workshop bei Alexandra! Mit einiger Kamera k\u00f6nnen Sie Tipps und Tricks kennenlernen, wie ein Foto gut gelingen kann.&nbsp;<\/span><\/p>\n<p><span lang=\"DE\">Ein Fotoworkshop ist perfekt f\u00fcr eine Gruppe oder einen Mitarbeitertag, oder als Weiterbildung. Die Preise der Workshops sind abh\u00e4ngig von der Gr\u00f6\u00dfe der Gruppe. Kleine Gruppe k\u00f6nnen z.B. einen halbtags Workshop machen f\u00fcr nur&nbsp;\u20ac275.<\/span><\/p>\n<p><a href=\"http:\/\/alexandrabosbeer.com\/foto\/kontakt\/\">Kontaktieren Sie mich<\/a> mit Ihren W\u00fcnsche!<\/p>\n","protected":false},"excerpt":{"rendered":"<p>Viele Menschen fotografieren gerne \u2013 mit der Kamera oder dem eigenen Handy. M\u00f6chten Sie mehr \u00fcber das Fotografieren wissen? Dann nehmen Sie Teil in einem Workshop bei Alexandra!&#8230;<\/p>\n","protected":false},"author":1,"featured_media":0,"parent":0,"menu_order":0,"comment_status":"closed","ping_status":"closed","template":"","meta":{"ngg_post_thumbnail":0,"footnotes":""},"class_list":["post-122","page","type-page","status-publish","hentry"],"_links":{"self":[{"href":"http:\/\/alexandrabosbeer.com\/foto\/wp-json\/wp\/v2\/pages\/122","targetHints":{"allow":["GET"]}}],"collection":[{"href":"http:\/\/alexandrabosbeer.com\/foto\/wp-json\/wp\/v2\/pages"}],"about":[{"href":"http:\/\/alexandrabosbeer.com\/foto\/wp-json\/wp\/v2\/types\/page"}],"author":[{"embeddable":true,"href":"http:\/\/alexandrabosbeer.com\/foto\/wp-json\/wp\/v2\/users\/1"}],"replies":[{"embeddable":true,"href":"http:\/\/alexandrabosbeer.com\/foto\/wp-json\/wp\/v2\/comments?post=122"}],"version-history":[{"count":7,"href":"http:\/\/alexandrabosbeer.com\/foto\/wp-json\/wp\/v2\/pages\/122\/revisions"}],"predecessor-version":[{"id":492,"href":"http:\/\/alexandrabosbeer.com\/foto\/wp-json\/wp\/v2\/pages\/122\/revisions\/492"}],"wp:attachment":[{"href":"http:\/\/alexandrabosbeer.com\/foto\/wp-json\/wp\/v2\/media?parent=122"}],"curies":[{"name":"wp","href":"https:\/\/api.w.org\/{rel}","templated":true}]}}