{"id":135,"date":"2017-07-25T21:00:32","date_gmt":"2017-07-25T21:00:32","guid":{"rendered":"http:\/\/alexandrabosbeer.com\/foto\/?page_id=135"},"modified":"2022-03-08T14:38:24","modified_gmt":"2022-03-08T14:38:24","slug":"fotoauftraege","status":"publish","type":"page","link":"http:\/\/alexandrabosbeer.com\/foto\/fotoauftraege\/","title":{"rendered":"Fotoauftraege"},"content":{"rendered":"<p><span lang=\"DE\">Bei Alexandra k\u00f6nnen Sie auch Auftrage geben z.B. Portr\u00e4te. Preise sind angemessener. Portr\u00e4te k\u00f6nnen aufgenommen werden in einem Ort die Sie w\u00e4hlen, drinnen oder drau\u00dfen.<\/span><\/p>\n<p><span lang=\"DE\">Alexandra macht auch besondere Portr\u00e4ts mit etwas, das Ihnen am Herzen liegt, mit einem Spiegel und einem aussagekr\u00e4ftigen Symbol.<\/span><\/p>\n<p><span lang=\"DE\">Ein Shooting von einer Stunde kostet 75 Euro f\u00fcr eine oder zwei Personen, inklusive digitale Dateien (jpeg-Format) und einem Druck von 30x40cm. K\u00fcrzere und l\u00e4ngere Shootings sind auch m\u00f6glich.<\/span><\/p>\n<p><span lang=\"DE\"><a href=\"http:\/\/bosbeerphotos.com\/contact\/\">Please do get in touch<\/a>! Bitte melden Sie sich! <\/span><\/p>\n<p>&nbsp;<\/p>\n<p><img loading=\"lazy\" decoding=\"async\" class=\"aligncenter size-full wp-image-439\" src=\"http:\/\/alexandrabosbeer.com\/foto\/wp-content\/uploads\/2017\/11\/koptucher.jpg\" alt=\"\" width=\"1500\" height=\"665\" srcset=\"http:\/\/alexandrabosbeer.com\/foto\/wp-content\/uploads\/2017\/11\/koptucher.jpg 1500w, http:\/\/alexandrabosbeer.com\/foto\/wp-content\/uploads\/2017\/11\/koptucher-300x133.jpg 300w, http:\/\/alexandrabosbeer.com\/foto\/wp-content\/uploads\/2017\/11\/koptucher-1024x454.jpg 1024w, http:\/\/alexandrabosbeer.com\/foto\/wp-content\/uploads\/2017\/11\/koptucher-768x340.jpg 768w, http:\/\/alexandrabosbeer.com\/foto\/wp-content\/uploads\/2017\/11\/koptucher-973x431.jpg 973w, http:\/\/alexandrabosbeer.com\/foto\/wp-content\/uploads\/2017\/11\/koptucher-508x225.jpg 508w\" sizes=\"auto, (max-width: 1500px) 100vw, 1500px\" \/><\/p>\n","protected":false},"excerpt":{"rendered":"<p>Bei Alexandra k\u00f6nnen Sie auch Auftrage geben z.B. Portr\u00e4te. Preise sind angemessener. Portr\u00e4te k\u00f6nnen aufgenommen werden in einem Ort die Sie w\u00e4hlen, drinnen oder drau\u00dfen. Alexandra macht auch&#8230;<\/p>\n","protected":false},"author":1,"featured_media":0,"parent":0,"menu_order":0,"comment_status":"closed","ping_status":"closed","template":"","meta":{"ngg_post_thumbnail":0,"footnotes":""},"class_list":["post-135","page","type-page","status-publish","hentry"],"_links":{"self":[{"href":"http:\/\/alexandrabosbeer.com\/foto\/wp-json\/wp\/v2\/pages\/135","targetHints":{"allow":["GET"]}}],"collection":[{"href":"http:\/\/alexandrabosbeer.com\/foto\/wp-json\/wp\/v2\/pages"}],"about":[{"href":"http:\/\/alexandrabosbeer.com\/foto\/wp-json\/wp\/v2\/types\/page"}],"author":[{"embeddable":true,"href":"http:\/\/alexandrabosbeer.com\/foto\/wp-json\/wp\/v2\/users\/1"}],"replies":[{"embeddable":true,"href":"http:\/\/alexandrabosbeer.com\/foto\/wp-json\/wp\/v2\/comments?post=135"}],"version-history":[{"count":4,"href":"http:\/\/alexandrabosbeer.com\/foto\/wp-json\/wp\/v2\/pages\/135\/revisions"}],"predecessor-version":[{"id":501,"href":"http:\/\/alexandrabosbeer.com\/foto\/wp-json\/wp\/v2\/pages\/135\/revisions\/501"}],"wp:attachment":[{"href":"http:\/\/alexandrabosbeer.com\/foto\/wp-json\/wp\/v2\/media?parent=135"}],"curies":[{"name":"wp","href":"https:\/\/api.w.org\/{rel}","templated":true}]}}