{"id":19,"date":"2017-02-23T14:29:25","date_gmt":"2017-02-23T14:29:25","guid":{"rendered":"http:\/\/alexandrabosbeer.com\/foto\/?page_id=19"},"modified":"2022-03-08T14:27:25","modified_gmt":"2022-03-08T14:27:25","slug":"leistungen","status":"publish","type":"page","link":"http:\/\/alexandrabosbeer.com\/foto\/leistungen\/","title":{"rendered":"Leistungen"},"content":{"rendered":"<p><img loading=\"lazy\" decoding=\"async\" class=\"alignright size-medium wp-image-109\" src=\"http:\/\/alexandrabosbeer.com\/foto\/wp-content\/uploads\/2017\/02\/beachquiet-300x201.jpg\" alt=\"\" width=\"300\" height=\"201\" srcset=\"http:\/\/alexandrabosbeer.com\/foto\/wp-content\/uploads\/2017\/02\/beachquiet-300x201.jpg 300w, http:\/\/alexandrabosbeer.com\/foto\/wp-content\/uploads\/2017\/02\/beachquiet-768x514.jpg 768w, http:\/\/alexandrabosbeer.com\/foto\/wp-content\/uploads\/2017\/02\/beachquiet-973x651.jpg 973w, http:\/\/alexandrabosbeer.com\/foto\/wp-content\/uploads\/2017\/02\/beachquiet-508x340.jpg 508w, http:\/\/alexandrabosbeer.com\/foto\/wp-content\/uploads\/2017\/02\/beachquiet.jpg 1000w\" sizes=\"auto, (max-width: 300px) 100vw, 300px\" \/><\/p>\n<p>Alexandra bietet Ihnen<\/p>\n<p>Portr\u00e4ts und&nbsp;Fotos von Ihren Events,<\/p>\n<p>Kunstbilder f\u00fcr Ihre W\u00e4nde,<\/p>\n<p>Workshops, so dass Sie eigene Bilder noch sch\u00f6ner machen k\u00f6nnen,<\/p>\n<p>Gestaltung (Design)<\/p>\n<p>und Leinwanddruck von Ihren Bildern.<\/p>\n<p><a href=\"http:\/\/bosbeerphotos.com\/services\/\"><em>english<\/em><\/a><\/p>\n","protected":false},"excerpt":{"rendered":"<p>Alexandra bietet Ihnen Portr\u00e4ts und&nbsp;Fotos von Ihren Events, Kunstbilder f\u00fcr Ihre W\u00e4nde, Workshops, so dass Sie eigene Bilder noch sch\u00f6ner machen k\u00f6nnen, Gestaltung (Design) und Leinwanddruck von Ihren&#8230;<\/p>\n","protected":false},"author":1,"featured_media":0,"parent":0,"menu_order":0,"comment_status":"closed","ping_status":"closed","template":"","meta":{"ngg_post_thumbnail":0,"footnotes":""},"class_list":["post-19","page","type-page","status-publish","hentry"],"_links":{"self":[{"href":"http:\/\/alexandrabosbeer.com\/foto\/wp-json\/wp\/v2\/pages\/19","targetHints":{"allow":["GET"]}}],"collection":[{"href":"http:\/\/alexandrabosbeer.com\/foto\/wp-json\/wp\/v2\/pages"}],"about":[{"href":"http:\/\/alexandrabosbeer.com\/foto\/wp-json\/wp\/v2\/types\/page"}],"author":[{"embeddable":true,"href":"http:\/\/alexandrabosbeer.com\/foto\/wp-json\/wp\/v2\/users\/1"}],"replies":[{"embeddable":true,"href":"http:\/\/alexandrabosbeer.com\/foto\/wp-json\/wp\/v2\/comments?post=19"}],"version-history":[{"count":5,"href":"http:\/\/alexandrabosbeer.com\/foto\/wp-json\/wp\/v2\/pages\/19\/revisions"}],"predecessor-version":[{"id":490,"href":"http:\/\/alexandrabosbeer.com\/foto\/wp-json\/wp\/v2\/pages\/19\/revisions\/490"}],"wp:attachment":[{"href":"http:\/\/alexandrabosbeer.com\/foto\/wp-json\/wp\/v2\/media?parent=19"}],"curies":[{"name":"wp","href":"https:\/\/api.w.org\/{rel}","templated":true}]}}