{"id":83,"date":"2017-02-23T16:11:29","date_gmt":"2017-02-23T16:11:29","guid":{"rendered":"http:\/\/alexandrabosbeer.com\/foto\/?page_id=83"},"modified":"2022-03-08T14:37:04","modified_gmt":"2022-03-08T14:37:04","slug":"druck","status":"publish","type":"page","link":"http:\/\/alexandrabosbeer.com\/foto\/leistungen\/druck\/","title":{"rendered":"Besonder Drucke Ihrer Fotos"},"content":{"rendered":"<p><em>Lassen Sie Ihre Fotos auf Leinwand drucken<\/em><\/p>\n<p>Bei Alexandra k\u00f6nnen Sie Ihre eigenen Bilder auf hochwertigem Premiumpapier drucken lassen. Alexandra ber\u00e4t Sie gern \u00fcber die Art des Papiers oder der Leinwand.<\/p>\n<p>Die Drucke sind handgemacht mit Epson Tintenstrahl und Schutzlack.&nbsp;Es gibt eine Garantie auf die Farbqualit\u00e4t dieser Ausdrucke sowie 100 Jahre auf Farbechtheit.<\/p>\n<p><img loading=\"lazy\" decoding=\"async\" class=\"aligncenter size-full wp-image-497\" src=\"http:\/\/alexandrabosbeer.com\/foto\/wp-content\/uploads\/2022\/03\/leinwanddrucken2.jpg\" alt=\"\" width=\"500\" height=\"751\"><\/p>\n<p>&nbsp;<\/p>\n<p>&nbsp;<\/p>\n","protected":false},"excerpt":{"rendered":"<p>Lassen Sie Ihre Fotos auf Leinwand drucken Bei Alexandra k\u00f6nnen Sie Ihre eigenen Bilder auf hochwertigem Premiumpapier drucken lassen. Alexandra ber\u00e4t Sie gern \u00fcber die Art des Papiers&#8230;<\/p>\n","protected":false},"author":1,"featured_media":0,"parent":19,"menu_order":0,"comment_status":"closed","ping_status":"closed","template":"","meta":{"ngg_post_thumbnail":0,"footnotes":""},"class_list":["post-83","page","type-page","status-publish","hentry"],"_links":{"self":[{"href":"http:\/\/alexandrabosbeer.com\/foto\/wp-json\/wp\/v2\/pages\/83","targetHints":{"allow":["GET"]}}],"collection":[{"href":"http:\/\/alexandrabosbeer.com\/foto\/wp-json\/wp\/v2\/pages"}],"about":[{"href":"http:\/\/alexandrabosbeer.com\/foto\/wp-json\/wp\/v2\/types\/page"}],"author":[{"embeddable":true,"href":"http:\/\/alexandrabosbeer.com\/foto\/wp-json\/wp\/v2\/users\/1"}],"replies":[{"embeddable":true,"href":"http:\/\/alexandrabosbeer.com\/foto\/wp-json\/wp\/v2\/comments?post=83"}],"version-history":[{"count":8,"href":"http:\/\/alexandrabosbeer.com\/foto\/wp-json\/wp\/v2\/pages\/83\/revisions"}],"predecessor-version":[{"id":500,"href":"http:\/\/alexandrabosbeer.com\/foto\/wp-json\/wp\/v2\/pages\/83\/revisions\/500"}],"up":[{"embeddable":true,"href":"http:\/\/alexandrabosbeer.com\/foto\/wp-json\/wp\/v2\/pages\/19"}],"wp:attachment":[{"href":"http:\/\/alexandrabosbeer.com\/foto\/wp-json\/wp\/v2\/media?parent=83"}],"curies":[{"name":"wp","href":"https:\/\/api.w.org\/{rel}","templated":true}]}}